{"id":157,"date":"2024-05-22T16:15:58","date_gmt":"2024-05-22T16:15:58","guid":{"rendered":"https:\/\/ominhocario.escolatic.com.pt\/?page_id=157"},"modified":"2024-07-08T09:08:17","modified_gmt":"2024-07-08T09:08:17","slug":"produtos","status":"publish","type":"page","link":"https:\/\/ominhocario.escolatic.com.pt\/index.php\/produtos\/","title":{"rendered":"Produtos"},"content":{"rendered":"\t\t<div data-elementor-type=\"wp-page\" data-elementor-id=\"157\" class=\"elementor elementor-157\">\n\t\t\t\t<div class=\"elementor-element elementor-element-67c0d0c e-flex e-con-boxed e-con e-parent\" data-id=\"67c0d0c\" data-element_type=\"container\" data-settings=\"{&quot;background_background&quot;:&quot;classic&quot;,&quot;_ha_eqh_enable&quot;:false}\">\n\t\t\t\t\t<div class=\"e-con-inner\">\n\t\t<div class=\"elementor-element elementor-element-1281918 e-con-full e-flex e-con e-child\" data-id=\"1281918\" data-element_type=\"container\" data-settings=\"{&quot;_ha_eqh_enable&quot;:false}\">\n\t\t<div class=\"elementor-element elementor-element-33164d0 e-con-full e-flex e-con e-child\" data-id=\"33164d0\" data-element_type=\"container\" data-settings=\"{&quot;_ha_eqh_enable&quot;:false}\">\n\t\t\t\t<div class=\"elementor-element elementor-element-b7fd6c3 elementor-widget elementor-widget-spacer\" data-id=\"b7fd6c3\" data-element_type=\"widget\" data-widget_type=\"spacer.default\">\n\t\t\t\t<div class=\"elementor-widget-container\">\n\t\t\t\t\t\t\t<div class=\"elementor-spacer\">\n\t\t\t<div class=\"elementor-spacer-inner\"><\/div>\n\t\t<\/div>\n\t\t\t\t\t\t<\/div>\n\t\t\t\t<\/div>\n\t\t\t\t<div class=\"elementor-element elementor-element-e11373c elementor-widget elementor-widget-spacer\" data-id=\"e11373c\" data-element_type=\"widget\" data-widget_type=\"spacer.default\">\n\t\t\t\t<div class=\"elementor-widget-container\">\n\t\t\t\t\t\t\t<div class=\"elementor-spacer\">\n\t\t\t<div class=\"elementor-spacer-inner\"><\/div>\n\t\t<\/div>\n\t\t\t\t\t\t<\/div>\n\t\t\t\t<\/div>\n\t\t\t\t<div class=\"elementor-element elementor-element-b8c1763 elementor-widget elementor-widget-heading\" data-id=\"b8c1763\" data-element_type=\"widget\" data-widget_type=\"heading.default\">\n\t\t\t\t<div class=\"elementor-widget-container\">\n\t\t\t\t\t<h2 class=\"elementor-heading-title elementor-size-default\">Minhocas Compostoras<\/h2>\t\t\t\t<\/div>\n\t\t\t\t<\/div>\n\t\t\t\t<div class=\"elementor-element elementor-element-0ed72ad elementor-widget elementor-widget-text-editor\" data-id=\"0ed72ad\" data-element_type=\"widget\" data-widget_type=\"text-editor.default\">\n\t\t\t\t<div class=\"elementor-widget-container\">\n\t\t\t\t\t\t\t\t\t<p>principais esp\u00e9cies leg\u00edtimas de minhocas em viveiros naturais, diretamente ao solo e em c\u00e9u aberto, oferecemos \u00e1s minhocas o seu habitat original. Atrav\u00e9s deste m\u00e9todo conseguimos minhocas extremamente saud\u00e1veis com uma qualidade e longevidade m\u00e1ximas, e uma produ\u00e7\u00e3o de h\u00famus com nutrientes \u00fanicos no mercado.<\/p><p>\u00a0<\/p><p>\u00a0<\/p><p>\u00a0<\/p><p>\u00a0<\/p>\t\t\t\t\t\t\t\t<\/div>\n\t\t\t\t<\/div>\n\t\t\t\t<div class=\"elementor-element elementor-element-cee258b elementor-widget elementor-widget-spacer\" data-id=\"cee258b\" data-element_type=\"widget\" data-widget_type=\"spacer.default\">\n\t\t\t\t<div class=\"elementor-widget-container\">\n\t\t\t\t\t\t\t<div class=\"elementor-spacer\">\n\t\t\t<div class=\"elementor-spacer-inner\"><\/div>\n\t\t<\/div>\n\t\t\t\t\t\t<\/div>\n\t\t\t\t<\/div>\n\t\t\t\t<div class=\"elementor-element elementor-element-3411905 elementor-widget elementor-widget-text-editor\" data-id=\"3411905\" data-element_type=\"widget\" data-widget_type=\"text-editor.default\">\n\t\t\t\t<div class=\"elementor-widget-container\">\n\t\t\t\t\t\t\t\t\t<p>Minhoc\u00e1rio com 3 elementos(3&#215;14 litros), com fura\u00e7\u00e3o adequada para respira\u00e7\u00e3o e passagem das minhocas entre elementos, com torneira para extra\u00e7\u00e3o de l\u00edquidos (chorume).<\/p><p>Este sistema inclui de oferta 5 litros de in\u00f3culo, onde est\u00e3o envolvidos centenas de ovos e minhocas em varias fases de desenvolvimento, oferecemos tamb\u00e9m a alimenta\u00e7\u00e3o seca(feno ou palha).<\/p><p>Dimens\u00f5es: C=350mm, L=250mm, A=250mm<\/p><h3>\u00a0<\/h3><div>\u00a0<\/div><div>\u00a0<\/div><div>\u00a0<\/div><div>\u00a0<\/div><div>\u00a0<\/div><div>\u00a0<\/div>\t\t\t\t\t\t\t\t<\/div>\n\t\t\t\t<\/div>\n\t\t\t\t<div class=\"elementor-element elementor-element-b54ce6b elementor-widget elementor-widget-spacer\" data-id=\"b54ce6b\" data-element_type=\"widget\" data-widget_type=\"spacer.default\">\n\t\t\t\t<div class=\"elementor-widget-container\">\n\t\t\t\t\t\t\t<div class=\"elementor-spacer\">\n\t\t\t<div class=\"elementor-spacer-inner\"><\/div>\n\t\t<\/div>\n\t\t\t\t\t\t<\/div>\n\t\t\t\t<\/div>\n\t\t\t\t<div class=\"elementor-element elementor-element-d43a339 elementor-widget elementor-widget-spacer\" data-id=\"d43a339\" data-element_type=\"widget\" data-widget_type=\"spacer.default\">\n\t\t\t\t<div class=\"elementor-widget-container\">\n\t\t\t\t\t\t\t<div class=\"elementor-spacer\">\n\t\t\t<div class=\"elementor-spacer-inner\"><\/div>\n\t\t<\/div>\n\t\t\t\t\t\t<\/div>\n\t\t\t\t<\/div>\n\t\t\t\t<div class=\"elementor-element elementor-element-073ab68 elementor-widget elementor-widget-spacer\" data-id=\"073ab68\" data-element_type=\"widget\" data-widget_type=\"spacer.default\">\n\t\t\t\t<div class=\"elementor-widget-container\">\n\t\t\t\t\t\t\t<div class=\"elementor-spacer\">\n\t\t\t<div class=\"elementor-spacer-inner\"><\/div>\n\t\t<\/div>\n\t\t\t\t\t\t<\/div>\n\t\t\t\t<\/div>\n\t\t\t\t<div class=\"elementor-element elementor-element-68cb545 elementor-widget elementor-widget-spacer\" data-id=\"68cb545\" data-element_type=\"widget\" data-widget_type=\"spacer.default\">\n\t\t\t\t<div class=\"elementor-widget-container\">\n\t\t\t\t\t\t\t<div class=\"elementor-spacer\">\n\t\t\t<div class=\"elementor-spacer-inner\"><\/div>\n\t\t<\/div>\n\t\t\t\t\t\t<\/div>\n\t\t\t\t<\/div>\n\t\t\t\t<div class=\"elementor-element elementor-element-be4dee1 elementor-widget elementor-widget-text-editor\" data-id=\"be4dee1\" data-element_type=\"widget\" data-widget_type=\"text-editor.default\">\n\t\t\t\t<div class=\"elementor-widget-container\">\n\t\t\t\t\t\t\t\t\t<p>Produto totalmente puro:\u00a0<\/p><p>&#8211; Azoto total (N) 1.25%<\/p><p>&#8211; Azoto org\u00e2nico 0.86%<\/p><p>&#8211; Fosforo total (P205) 1.10%<\/p><p>&#8211; Pot\u00e1ssio(K20) 1.05%<\/p><p>&#8211; Magn\u00e9sio(MgO) 0.55%<\/p><p>&#8211; Mat\u00e9ria org\u00e2nica 32%<\/p><p>&#8211; Mat\u00e9ria seca 45%<\/p><p>&#8211; PH 7.0<\/p><p>&#8211; \u00c1cidos H\u00famicos totais 5.5%<\/p><p>&#8211; C\u00e1lcio 2.50% &#8211; C\/N 15<\/p><p>&#8211; Ferro(Fe) 250mg\/Kg<\/p><p>&#8211; Mangan\u00eas(Mn) 35mg\/Kg<\/p><p>&#8211; Boro (Bo) 20mg\/Kg<\/p><p>&#8211; Zinco(Zn) 15mg\/Kg<\/p><p>&#8211; Cobre(Cu) 15mg\/Kg<\/p><p>Indicado para:<\/p><p>&#8211; Floricultura e paisagismo;<\/p><p>&#8211; Viveiros de mudas e estufas;<\/p><p>&#8211; Horticultura e hidroagricultura;<\/p><p>&#8211; Culturas em estufas;<\/p><p>&#8211; Agricultura em geral;<\/p><p>&#8211; Fruticultura e pomares; Vasos em geral.<\/p><p>&#8211; Agricultura Biol\u00f3gica<\/p><p>&#8211; Jardinagem<\/p>\t\t\t\t\t\t\t\t<\/div>\n\t\t\t\t<\/div>\n\t\t\t\t<\/div>\n\t\t<div class=\"elementor-element elementor-element-19c1b1d e-con-full e-flex e-con e-child\" data-id=\"19c1b1d\" data-element_type=\"container\" data-settings=\"{&quot;_ha_eqh_enable&quot;:false}\">\n\t\t\t\t<div class=\"elementor-element elementor-element-690d766 elementor-widget elementor-widget-spacer\" data-id=\"690d766\" data-element_type=\"widget\" data-widget_type=\"spacer.default\">\n\t\t\t\t<div class=\"elementor-widget-container\">\n\t\t\t\t\t\t\t<div class=\"elementor-spacer\">\n\t\t\t<div class=\"elementor-spacer-inner\"><\/div>\n\t\t<\/div>\n\t\t\t\t\t\t<\/div>\n\t\t\t\t<\/div>\n\t\t\t\t<div class=\"elementor-element elementor-element-727bbd4 elementor-widget elementor-widget-spacer\" data-id=\"727bbd4\" data-element_type=\"widget\" data-widget_type=\"spacer.default\">\n\t\t\t\t<div class=\"elementor-widget-container\">\n\t\t\t\t\t\t\t<div class=\"elementor-spacer\">\n\t\t\t<div class=\"elementor-spacer-inner\"><\/div>\n\t\t<\/div>\n\t\t\t\t\t\t<\/div>\n\t\t\t\t<\/div>\n\t\t\t\t<div class=\"elementor-element elementor-element-ddfe3b0 elementor-widget elementor-widget-heading\" data-id=\"ddfe3b0\" data-element_type=\"widget\" data-widget_type=\"heading.default\">\n\t\t\t\t<div class=\"elementor-widget-container\">\n\t\t\t\t\t<h2 class=\"elementor-heading-title elementor-size-default\">Vermelhas da Calif\u00f3rnia<\/h2>\t\t\t\t<\/div>\n\t\t\t\t<\/div>\n\t\t\t\t<div class=\"elementor-element elementor-element-d059bf3 elementor-widget elementor-widget-image\" data-id=\"d059bf3\" data-element_type=\"widget\" data-widget_type=\"image.default\">\n\t\t\t\t<div class=\"elementor-widget-container\">\n\t\t\t\t\t\t\t\t\t\t\t\t\t\t\t<img fetchpriority=\"high\" decoding=\"async\" width=\"800\" height=\"578\" src=\"https:\/\/ominhocario.escolatic.com.pt\/wp-content\/uploads\/2024\/07\/minhocas-1024x740.png\" class=\"attachment-large size-large wp-image-312\" alt=\"\" srcset=\"https:\/\/ominhocario.escolatic.com.pt\/wp-content\/uploads\/2024\/07\/minhocas-1024x740.png 1024w, https:\/\/ominhocario.escolatic.com.pt\/wp-content\/uploads\/2024\/07\/minhocas-300x217.png 300w, https:\/\/ominhocario.escolatic.com.pt\/wp-content\/uploads\/2024\/07\/minhocas-768x555.png 768w, https:\/\/ominhocario.escolatic.com.pt\/wp-content\/uploads\/2024\/07\/minhocas.png 1368w\" sizes=\"(max-width: 800px) 100vw, 800px\" \/>\t\t\t\t\t\t\t\t\t\t\t\t\t\t\t<\/div>\n\t\t\t\t<\/div>\n\t\t\t\t<div class=\"elementor-element elementor-element-203f7ce elementor-widget elementor-widget-spacer\" data-id=\"203f7ce\" data-element_type=\"widget\" data-widget_type=\"spacer.default\">\n\t\t\t\t<div class=\"elementor-widget-container\">\n\t\t\t\t\t\t\t<div class=\"elementor-spacer\">\n\t\t\t<div class=\"elementor-spacer-inner\"><\/div>\n\t\t<\/div>\n\t\t\t\t\t\t<\/div>\n\t\t\t\t<\/div>\n\t\t\t\t<div class=\"elementor-element elementor-element-691a00d elementor-widget elementor-widget-heading\" data-id=\"691a00d\" data-element_type=\"widget\" data-widget_type=\"heading.default\">\n\t\t\t\t<div class=\"elementor-widget-container\">\n\t\t\t\t\t<h2 class=\"elementor-heading-title elementor-size-default\">Vermicompostores\/Minhoc\u00e1rios\n(Interior\/Exterior)<\/h2>\t\t\t\t<\/div>\n\t\t\t\t<\/div>\n\t\t\t\t<div class=\"elementor-element elementor-element-b7db5b5 elementor-widget__width-initial elementor-widget elementor-widget-image\" data-id=\"b7db5b5\" data-element_type=\"widget\" data-widget_type=\"image.default\">\n\t\t\t\t<div class=\"elementor-widget-container\">\n\t\t\t\t\t\t\t\t\t\t\t\t\t\t\t<img decoding=\"async\" width=\"419\" height=\"561\" src=\"https:\/\/ominhocario.escolatic.com.pt\/wp-content\/uploads\/2024\/05\/caixas.png\" class=\"attachment-large size-large wp-image-131\" alt=\"\" srcset=\"https:\/\/ominhocario.escolatic.com.pt\/wp-content\/uploads\/2024\/05\/caixas.png 419w, https:\/\/ominhocario.escolatic.com.pt\/wp-content\/uploads\/2024\/05\/caixas-224x300.png 224w\" sizes=\"(max-width: 419px) 100vw, 419px\" \/>\t\t\t\t\t\t\t\t\t\t\t\t\t\t\t<\/div>\n\t\t\t\t<\/div>\n\t\t\t\t<div class=\"elementor-element elementor-element-8bad4d4 elementor-widget elementor-widget-spacer\" data-id=\"8bad4d4\" data-element_type=\"widget\" data-widget_type=\"spacer.default\">\n\t\t\t\t<div class=\"elementor-widget-container\">\n\t\t\t\t\t\t\t<div class=\"elementor-spacer\">\n\t\t\t<div class=\"elementor-spacer-inner\"><\/div>\n\t\t<\/div>\n\t\t\t\t\t\t<\/div>\n\t\t\t\t<\/div>\n\t\t\t\t<div class=\"elementor-element elementor-element-8d2dc61 elementor-widget elementor-widget-heading\" data-id=\"8d2dc61\" data-element_type=\"widget\" data-widget_type=\"heading.default\">\n\t\t\t\t<div class=\"elementor-widget-container\">\n\t\t\t\t\t<h2 class=\"elementor-heading-title elementor-size-default\">H\u00famus puro 100% de Minhocas<\/h2>\t\t\t\t<\/div>\n\t\t\t\t<\/div>\n\t\t\t\t<div class=\"elementor-element elementor-element-6905e7d elementor-widget__width-initial elementor-widget elementor-widget-image\" data-id=\"6905e7d\" data-element_type=\"widget\" data-widget_type=\"image.default\">\n\t\t\t\t<div class=\"elementor-widget-container\">\n\t\t\t\t\t\t\t\t\t\t\t\t\t\t\t<img decoding=\"async\" width=\"549\" height=\"276\" src=\"https:\/\/ominhocario.escolatic.com.pt\/wp-content\/uploads\/2024\/05\/sacos.png\" class=\"attachment-large size-large wp-image-130\" alt=\"\" srcset=\"https:\/\/ominhocario.escolatic.com.pt\/wp-content\/uploads\/2024\/05\/sacos.png 549w, https:\/\/ominhocario.escolatic.com.pt\/wp-content\/uploads\/2024\/05\/sacos-300x151.png 300w\" sizes=\"(max-width: 549px) 100vw, 549px\" \/>\t\t\t\t\t\t\t\t\t\t\t\t\t\t\t<\/div>\n\t\t\t\t<\/div>\n\t\t\t\t<\/div>\n\t\t\t\t<\/div>\n\t\t\t\t\t<\/div>\n\t\t\t\t<\/div>\n\t\t\t\t<\/div>\n\t\t","protected":false},"excerpt":{"rendered":"<p>Minhocas Compostoras principais esp\u00e9cies leg\u00edtimas de minhocas em viveiros naturais, diretamente ao solo e em c\u00e9u aberto, oferecemos \u00e1s minhocas o seu habitat original. Atrav\u00e9s deste m\u00e9todo conseguimos minhocas extremamente saud\u00e1veis com uma qualidade e longevidade m\u00e1ximas, e uma produ\u00e7\u00e3o de h\u00famus com nutrientes \u00fanicos no mercado. \u00a0 \u00a0 \u00a0 \u00a0 Minhoc\u00e1rio com 3 elementos(3&#215;14 [&hellip;]<\/p>\n","protected":false},"author":1,"featured_media":0,"parent":0,"menu_order":0,"comment_status":"closed","ping_status":"closed","template":"elementor_header_footer","meta":{"footnotes":""},"_links":{"self":[{"href":"https:\/\/ominhocario.escolatic.com.pt\/index.php\/wp-json\/wp\/v2\/pages\/157"}],"collection":[{"href":"https:\/\/ominhocario.escolatic.com.pt\/index.php\/wp-json\/wp\/v2\/pages"}],"about":[{"href":"https:\/\/ominhocario.escolatic.com.pt\/index.php\/wp-json\/wp\/v2\/types\/page"}],"author":[{"embeddable":true,"href":"https:\/\/ominhocario.escolatic.com.pt\/index.php\/wp-json\/wp\/v2\/users\/1"}],"replies":[{"embeddable":true,"href":"https:\/\/ominhocario.escolatic.com.pt\/index.php\/wp-json\/wp\/v2\/comments?post=157"}],"version-history":[{"count":58,"href":"https:\/\/ominhocario.escolatic.com.pt\/index.php\/wp-json\/wp\/v2\/pages\/157\/revisions"}],"predecessor-version":[{"id":548,"href":"https:\/\/ominhocario.escolatic.com.pt\/index.php\/wp-json\/wp\/v2\/pages\/157\/revisions\/548"}],"wp:attachment":[{"href":"https:\/\/ominhocario.escolatic.com.pt\/index.php\/wp-json\/wp\/v2\/media?parent=157"}],"curies":[{"name":"wp","href":"https:\/\/api.w.org\/{rel}","templated":true}]}}